{"id":7,"date":"2019-04-23T09:45:38","date_gmt":"2019-04-23T09:45:38","guid":{"rendered":"http:\/\/ramangwana.de\/?page_id=7"},"modified":"2021-01-18T15:23:54","modified_gmt":"2021-01-18T15:23:54","slug":"unsere-hunde","status":"publish","type":"page","link":"https:\/\/ramangwana.de\/?page_id=7","title":{"rendered":"Unsere Hunde"},"content":{"rendered":"<p>[vc_row css=&#8220;.vc_custom_1583423814280{margin-right: 50px !important;margin-left: 50px !important;}&#8220;][vc_column width=&#8220;2\/4&#8243;][vc_custom_heading text=&#8220;Unsere Hunde&#8220; font_container=&#8220;tag:h1|text_align:center&#8220;][vc_column_text]<\/p>\n<p align=\"center\"><span>Wer den Ursprung dieser Rasse sucht, der wird in unseren Hunden f\u00fcndig!<\/span><\/p>\n<p align=\"center\"><span>Der Grundstein unserer Hundezucht wurde bereits im Jahr 1979 gelegt, als Helga J\u00fcrgens (Kennel Makaranga) den Ausnahmer\u00fcden Ch. Shane at Makaranga nach Deutschland importierte. <\/span><\/p>\n<p align=\"center\"><span>Er war ein Geschenk von Margaret und Sammy Wallace (Kennel Mushana) und kam aus dem fr\u00fcheren Rhodesian (heute Simbabwe) als Welpe zu Helga nach Deutschland. <\/span><\/p>\n<p align=\"center\"><span>\u00a0<\/span><\/p>\n<p align=\"center\"><span>Zur damaligen Zeit steckte die deutsche Ridgebackzucht noch in den Kinderschuhen und Shane sollte mit seinen vorz\u00fcglichen Genen, welche auf die vitalen Gr\u00fcnderlinien Viking, Sipolilo und Eskdale zur\u00fcck gehen, ein stabiles Fundament f\u00fcr die deutschen Ridgebacks legen.<\/span><\/p>\n<p align=\"center\"><span>\u00a0<\/span><\/p>\n<p align=\"center\"><span>Shane schrieb Geschichte und die\u00a0<a href=\"https:\/\/deref-web-02.de\/mail\/client\/Ggjysf-9MIQ\/dereferrer\/?redirectUrl=https%3A%2F%2Fwww.makaranga.de%2Fshane%2F\" onclick=\"parent.phx.event.mailUrlClicked('https:\\\/\\\/www.makaranga.de\\\/shane\\\/'); return true;\" target=\"_blank\" rel=\"noopener noreferrer\"><span style=\"color: #0000ff;\">Statistik<\/span><\/a>\u00a0\u00fcber seine Nachkommen unterstreicht den unsch\u00e4tzbaren Wert f\u00fcr diese Rasse!<\/span><\/p>\n<p align=\"center\"><span>\u00a0<\/span><\/p>\n<p align=\"center\"><span>Dank der weisen Voraussicht von Helga J\u00fcrgens, steht dieser herausragende R\u00fcde noch heute \u00fcber Tiefgeriersperma f\u00fcr auserw\u00e4hlte H\u00fcndinnen zur Verf\u00fcgung.<\/span><\/p>\n<p align=\"center\"><span>Shane findet sich als Gro\u00dfvater und Partner von zwei gro\u00dfartigen, afrikanisch gezogenen H\u00fcndinnen in dem Stammbaum unserer H\u00fcndinnen wieder und ich bin davon \u00fcberzeugt, dass die Ahnen unserer Hunde ein stabiles Fundament f\u00fcr eine gesunde, charakterfeste und langlebige Hundezucht gelegt haben.<\/span><\/p>\n<p align=\"center\"><span>Weitere spannende Informationen finden Sie auf den Profilseiten unserer Hunde.<\/span><\/p>\n<p>[\/vc_column_text][\/vc_column][vc_column parallax=&#8220;content-moving-fade&#8220; width=&#8220;1\/4&#8243;][vc_text_separator title=&#8220;Orisha&#8220; color=&#8220;black&#8220; border_width=&#8220;2&#8243;][vc_single_image image=&#8220;4271&#8243; img_size=&#8220;400&#215;400&#8243; alignment=&#8220;center&#8220; onclick=&#8220;custom_link&#8220; link=&#8220;https:\/\/ramangwana.de\/?page_id=22&#8243;][vc_text_separator title=&#8220;Abeni&#8220; color=&#8220;black&#8220; border_width=&#8220;2&#8243;][vc_single_image image=&#8220;4678&#8243; img_size=&#8220;400&#215;400&#8243; alignment=&#8220;center&#8220; onclick=&#8220;custom_link&#8220; link=&#8220;https:\/\/ramangwana.de\/?page_id=4572&#8243;][\/vc_column][vc_column parallax=&#8220;content-moving-fade&#8220; width=&#8220;1\/4&#8243;][vc_text_separator title=&#8220;Chani&#8220; color=&#8220;black&#8220; border_width=&#8220;2&#8243;][vc_single_image image=&#8220;4230&#8243; img_size=&#8220;400&#215;400&#8243; alignment=&#8220;center&#8220; onclick=&#8220;custom_link&#8220; link=&#8220;https:\/\/ramangwana.de\/?page_id=4217&#8243;][\/vc_column][\/vc_row][vc_row][vc_column width=&#8220;1\/5&#8243;][\/vc_column][vc_column width=&#8220;1\/5&#8243;][\/vc_column][vc_column width=&#8220;1\/5&#8243;][\/vc_column][vc_column width=&#8220;1\/5&#8243;][\/vc_column][vc_column width=&#8220;1\/5&#8243;][\/vc_column][\/vc_row]<\/p>\n","protected":false},"excerpt":{"rendered":"<p>[vc_row css=&#8220;.vc_custom_1583423814280{margin-right: 50px !important;margin-left: 50px !important;}&#8220;][vc_column width=&#8220;2\/4&#8243;][vc_custom_heading text=&#8220;Unsere Hunde&#8220; font_container=&#8220;tag:h1|text_align:center&#8220;][vc_column_text] Wer den Ursprung dieser Rasse sucht, der wird in unseren Hunden f\u00fcndig! Der Grundstein unserer Hundezucht wurde bereits im Jahr 1979 gelegt, als Helga J\u00fcrgens (Kennel Makaranga) den Ausnahmer\u00fcden Ch. Shane at Makaranga nach Deutschland importierte. Er war ein Geschenk [&hellip;]<\/p>\n","protected":false},"author":1,"featured_media":0,"parent":0,"menu_order":0,"comment_status":"closed","ping_status":"closed","template":"page-templates\/template-pagebuilder-full-width.php","meta":{"footnotes":""},"class_list":["post-7","page","type-page","status-publish","hentry"],"_links":{"self":[{"href":"https:\/\/ramangwana.de\/index.php?rest_route=\/wp\/v2\/pages\/7"}],"collection":[{"href":"https:\/\/ramangwana.de\/index.php?rest_route=\/wp\/v2\/pages"}],"about":[{"href":"https:\/\/ramangwana.de\/index.php?rest_route=\/wp\/v2\/types\/page"}],"author":[{"embeddable":true,"href":"https:\/\/ramangwana.de\/index.php?rest_route=\/wp\/v2\/users\/1"}],"replies":[{"embeddable":true,"href":"https:\/\/ramangwana.de\/index.php?rest_route=%2Fwp%2Fv2%2Fcomments&post=7"}],"version-history":[{"count":13,"href":"https:\/\/ramangwana.de\/index.php?rest_route=\/wp\/v2\/pages\/7\/revisions"}],"predecessor-version":[{"id":4711,"href":"https:\/\/ramangwana.de\/index.php?rest_route=\/wp\/v2\/pages\/7\/revisions\/4711"}],"wp:attachment":[{"href":"https:\/\/ramangwana.de\/index.php?rest_route=%2Fwp%2Fv2%2Fmedia&parent=7"}],"curies":[{"name":"wp","href":"https:\/\/api.w.org\/{rel}","templated":true}]}}