{"id":63,"date":"2019-04-23T13:07:15","date_gmt":"2019-04-23T13:07:15","guid":{"rendered":"http:\/\/ramangwana.de\/?page_id=63"},"modified":"2019-04-23T13:36:23","modified_gmt":"2019-04-23T13:36:23","slug":"datenschutz","status":"publish","type":"page","link":"https:\/\/ramangwana.de\/?page_id=63","title":{"rendered":"Datenschutz"},"content":{"rendered":"\n<h2 class=\"wp-block-heading\"><\/h2>\n\n\n\n<h1 class=\"wp-block-heading\">Datenschutz<\/h1>\n\n\n\n<p><strong>DSGVO 25.5.2018<\/strong><\/p>\n\n\n\n<p>Diese Datenschutzerkl\u00e4rung kl\u00e4rt Sie \u00fcber die Art, den Umfang und \nZweck der Verarbeitung von personenbezogenen Daten (nachfolgend kurz \n\u201eDaten\u201c) innerhalb unseres Onlineangebotes und der mit ihm verbundenen \nWebseiten, Funktionen und Inhalte sowie externen Onlinepr\u00e4senzen, wie \nz.B. unser Social Media Profile auf. (nachfolgend gemeinsam bezeichnet \nals \u201eOnlineangebot\u201c). Im Hinblick auf die verwendeten Begrifflichkeiten,\n wie z.B. \u201eVerarbeitung\u201c oder \u201eVerantwortlicher\u201c verweisen wir auf die \nDefinitionen im Art. 4 der Datenschutzgrundverordnung (DSGVO).<\/p>\n\n\n\n<p><strong>Arten der verarbeiteten Daten:<\/strong><br>\nBestandsdaten (z.B., Namen, Adressen).<br>\nKontaktdaten (z.B., E-Mail, Telefonnummern).<br>\nInhaltsdaten (z.B., Texteingaben, Fotografien, Videos).<br>\nNutzungsdaten (z.B., besuchte Webseiten, Interesse an Inhalten, Zugriffszeiten).<br>\nMeta-\/Kommunikationsdaten (z.B., Ger\u00e4te-Informationen, IP-Adressen).<\/p>\n\n\n\n<p><strong>Kategorien betroffener Personen<\/strong><\/p>\n\n\n\n<p>Besucher und Nutzer des Onlineangebotes (Nachfolgend bezeichnen wir die betroffenen Personen zusammenfassend auch als \u201eNutzer\u201c).<\/p>\n\n\n\n<p><strong>Zweck der Verarbeitung<\/strong><\/p>\n\n\n\n<p>Zurverf\u00fcgungstellung des Onlineangebotes, seiner Funktionen und Inhalte.<br>\nBeantwortung von Kontaktanfragen und Kommunikation mit Nutzern.<br>\nSicherheitsma\u00dfnahmen.<\/p>\n\n\n\n<p><strong>Reichweitenmessung\/Marketing<\/strong><\/p>\n\n\n\n<p><strong>Verwendete Begrifflichkeiten<\/strong><\/p>\n\n\n\n<p>\u201ePersonenbezogene Daten\u201c sind alle Informationen, die sich auf eine \nidentifizierte oder identifizierbare nat\u00fcrliche Person (im Folgenden \n\u201ebetroffene Person\u201c) beziehen; als identifizierbar wird eine nat\u00fcrliche \nPerson angesehen, die direkt oder indirekt, insbesondere mittels \nZuordnung zu einer Kennung wie einem Namen, zu einer Kennnummer, zu \nStandortdaten, zu einer Online-Kennung (z.B. Cookie) oder zu einem oder \nmehreren besonderen Merkmalen identifiziert werden kann, die Ausdruck \nder physischen, physiologischen, genetischen, psychischen, \nwirtschaftlichen, kulturellen oder sozialen Identit\u00e4t dieser nat\u00fcrlichen\n Person sind.<\/p>\n\n\n\n<p>\u201eVerarbeitung\u201c ist jeder mit oder ohne Hilfe automatisierter \nVerfahren ausgef\u00fchrten Vorgang oder jede solche Vorgangsreihe im \nZusammenhang mit personenbezogenen Daten. Der Begriff reicht weit und \numfasst praktisch jeden Umgang mit Daten.<\/p>\n\n\n\n<p>Als \u201eVerantwortlicher\u201c wird die nat\u00fcrliche oder juristische Person, \nBeh\u00f6rde, Einrichtung oder andere Stelle, die allein oder gemeinsam mit \nanderen \u00fcber die Zwecke und Mittel der Verarbeitung von \npersonenbezogenen Daten entscheidet, bezeichnet.<\/p>\n\n\n\n<p><strong>Ma\u00dfgebliche Rechtsgrundlagen<\/strong><\/p>\n\n\n\n<p>Nach Ma\u00dfgabe des Art. 13 DSGVO teilen wir Ihnen die Rechtsgrundlagen \nunserer Datenverarbeitungen mit. Sofern die Rechtsgrundlage in der \nDatenschutzerkl\u00e4rung nicht genannt wird, gilt Folgendes:<br>\nDie Rechtsgrundlage f\u00fcr die Einholung von Einwilligungen ist Art. 6 Abs.\n 1 lit. a und Art. 7 DSGVO, die Rechtsgrundlage f\u00fcr die Verarbeitung zur\n Erf\u00fcllung unserer Leistungen und Durchf\u00fchrung vertraglicher Ma\u00dfnahmen \nsowie Beantwortung von Anfragen ist Art. 6 Abs. 1 lit. b DSGVO, die \nRechtsgrundlage f\u00fcr die Verarbeitung zur Erf\u00fcllung unserer rechtlichen \nVerpflichtungen ist Art. 6 Abs. 1 lit. c DSGVO, und die Rechtsgrundlage \nf\u00fcr die Verarbeitung zur Wahrung unserer berechtigten Interessen ist \nArt. 6 Abs. 1 lit. f DSGVO. F\u00fcr den Fall, dass lebenswichtige Interessen\n der betroffenen Person oder einer anderen nat\u00fcrlichen Person eine \nVerarbeitung personenbezogener Daten erforderlich machen, dient Art. 6 \nAbs. 1 lit. d DSGVO als Rechtsgrundlage.<\/p>\n\n\n\n<p><strong>Zusammenarbeit mit Auftragsverarbeitern und Dritten<\/strong><\/p>\n\n\n\n<p>Sofern wir im Rahmen unserer Verarbeitung Daten gegen\u00fcber anderen Personen und Unternehmen (Auftragsverarbeitern oder Dritten)<br>\noffenbaren, sie an diese \u00fcbermitteln oder ihnen sonst Zugriff auf die \nDaten gew\u00e4hren, erfolgt dies nur auf Grundlage einer gesetzlichen \nErlaubnis (z.B. wenn eine \u00dcbermittlung der Daten an Dritte, wie an \nZahlungsdienstleister,<br>\ngem. Art. 6 Abs. 1 lit. b DSGVO zur Vertragserf\u00fcllung erforderlich ist),\n Sie eingewilligt haben, eine rechtliche Verpflichtung dies vorsieht \noder auf Grundlage unserer berechtigten Interessen (z.B. beim Einsatz \nvon Beauftragten, Webhostern, etc.).<\/p>\n\n\n\n<p>Sofern wir Dritte mit der Verarbeitung von Daten auf Grundlage eines \nsog. \u201eAuftragsverarbeitungsvertrages\u201c beauftragen, geschieht dies auf \nGrundlage des Art. 28 DSGVO.<\/p>\n\n\n\n<p><strong>\u00dcbermittlungen in Drittl\u00e4nder<\/strong><\/p>\n\n\n\n<p>Sofern wir Daten in einem Drittland (d.h. au\u00dferhalb der Europ\u00e4ischen Union (EU) oder des Europ\u00e4ischen Wirtschaftsraums (EWR))<br>\nverarbeiten oder dies im Rahmen der Inanspruchnahme von Diensten Dritter\n oder Offenlegung, bzw. \u00dcbermittlung von Daten an Dritte geschieht, \nerfolgt dies nur, wenn es zur Erf\u00fcllung unserer (vor)vertraglichen \nPflichten, auf Grundlage Ihrer Einwilligung, aufgrund einer rechtlichen \nVerpflichtung oder auf Grundlage unserer berechtigten Interessen \ngeschieht.<br>\nVorbehaltlich gesetzlicher oder vertraglicher Erlaubnisse, verarbeiten \noder lassen wir die Daten in einem Drittland nur beim Vorliegen der \nbesonderen Voraussetzungen der Art. 44 ff. DSGVO verarbeiten. D.h. die \nVerarbeitung erfolgt z.B. auf Grundlage besonderer Garantien, wie der \noffiziell anerkannten Feststellung eines der EU entsprechenden \nDatenschutzniveaus (z.B. f\u00fcr die USA durch das \u201ePrivacy Shield\u201c) oder \nBeachtung offiziell anerkannter spezieller vertraglicher Verpflichtungen\n (so genannte \u201eStandardvertragsklauseln\u201c).<\/p>\n\n\n\n<p><strong>Rechte der betroffenen Personen<\/strong><\/p>\n\n\n\n<p>Sie haben das Recht, eine Best\u00e4tigung dar\u00fcber zu verlangen, ob \nbetreffende Daten verarbeitet werden und auf Auskunft \u00fcber diese Daten \nsowie auf weitere Informationen und Kopie der Daten entsprechend Art. 15\n DSGVO.<\/p>\n\n\n\n<p>Sie haben entsprechend. Art. 16 DSGVO das Recht, die \nVervollst\u00e4ndigung der Sie betreffenden Daten oder die Berichtigung der \nSie betreffenden unrichtigen Daten zu verlangen.<\/p>\n\n\n\n<p>Sie haben nach Ma\u00dfgabe des Art. 17 DSGVO das Recht zu verlangen, dass\n betreffende Daten unverz\u00fcglich gel\u00f6scht werden, bzw. alternativ nach \nMa\u00dfgabe des Art. 18 DSGVO eine Einschr\u00e4nkung der Verarbeitung der Daten \nzu verlangen.<\/p>\n\n\n\n<p>Sie haben das Recht zu verlangen, dass die Sie betreffenden Daten, \ndie Sie uns bereitgestellt haben nach Ma\u00dfgabe des Art. 20 DSGVO zu \nerhalten und deren \u00dcbermittlung an andere Verantwortliche zu fordern.<\/p>\n\n\n\n<p>Sie haben ferner gem. Art. 77 DSGVO das Recht, eine Beschwerde bei der zust\u00e4ndigen Aufsichtsbeh\u00f6rde einzureichen.<\/p>\n\n\n\n<p><strong>Widerrufsrecht<\/strong><\/p>\n\n\n\n<p>Sie haben das Recht, erteilte Einwilligungen gem. Art. 7 Abs. 3 DSGVO mit Wirkung f\u00fcr die Zukunft zu widerrufen<\/p>\n\n\n\n<p><strong>Widerspruchsrecht<\/strong><\/p>\n\n\n\n<p>Sie k\u00f6nnen der k\u00fcnftigen Verarbeitung der Sie betreffenden Daten nach Ma\u00dfgabe des Art. 21 DSGVO jederzeit widersprechen.<br>\nDer Widerspruch kann insbesondere gegen die Verarbeitung f\u00fcr Zwecke der Direktwerbung erfolgen.<\/p>\n\n\n\n<p><strong>Cookies und Widerspruchsrecht bei Direktwerbung<\/strong><\/p>\n\n\n\n<p>Als \u201eCookies\u201c werden kleine Dateien bezeichnet, die auf Rechnern der \nNutzer gespeichert werden. Innerhalb der Cookies k\u00f6nnen unterschiedliche\n Angaben gespeichert werden. Ein Cookie dient prim\u00e4r dazu, die Angaben \nzu einem Nutzer (bzw. dem Ger\u00e4t auf dem das Cookie gespeichert ist) \nw\u00e4hrend oder auch nach seinem Besuch innerhalb eines Onlineangebotes zu \nspeichern. Als tempor\u00e4re Cookies, bzw. \u201eSession-Cookies\u201c oder \n\u201etransiente Cookies\u201c, werden Cookies bezeichnet, die gel\u00f6scht werden, \nnachdem ein Nutzer ein Onlineangebot verl\u00e4sst und seinen Browser \nschlie\u00dft. In einem solchen Cookie kann z.B. der Inhalt eines Warenkorbs \nin einem Onlineshop oder ein Login-Staus gespeichert werden.<br>\nAls \u201epermanent\u201c oder \u201epersistent\u201c werden Cookies bezeichnet, die auch nach dem Schlie\u00dfen des Browsers gespeichert bleiben.<br>\nSo kann z.B. der Login-Status gespeichert werden, wenn die Nutzer diese nach mehreren Tagen aufsuchen.<br>\nEbenso k\u00f6nnen in einem solchen Cookie die Interessen der Nutzer \ngespeichert werden, die f\u00fcr Reichweitenmessung oder Marketingzwecke \nverwendet werden.<br>\nAls \u201eThird-Party-Cookie\u201c werden Cookies von anderen Anbietern als dem \nVerantwortlichen, der das Onlineangebot betreibt, angeboten werden \n(andernfalls, wenn es nur dessen Cookies sind spricht man von \n\u201eFirst-Party Cookies\u201c).<\/p>\n\n\n\n<p>Wir k\u00f6nnen tempor\u00e4re und permanente Cookies einsetzen und kl\u00e4ren hier\u00fcber im Rahmen unserer Datenschutzerkl\u00e4rung auf.<\/p>\n\n\n\n<p>Falls die Nutzer nicht m\u00f6chten, dass Cookies auf ihrem Rechner \ngespeichert werden, werden sie gebeten die entsprechende Option in den \nSystemeinstellungen ihres Browsers zu deaktivieren. Gespeicherte Cookies\n k\u00f6nnen in den Systemeinstellungen des Browsers gel\u00f6scht werden.<br>\nDer Ausschluss von Cookies kann zu Funktionseinschr\u00e4nkungen dieses Onlineangebotes f\u00fchren.<\/p>\n\n\n\n<p>Ein genereller Widerspruch gegen den Einsatz der zu Zwecken des \nOnlinemarketing eingesetzten Cookies kann bei einer Vielzahl der \nDienste,<br>\nvor allem im Fall des Trackings, \u00fcber die US-amerikanische Seite http:\/\/www.aboutads.info\/choices\/<br>\noder die EU-Seite http:\/\/www.youronlinechoices.com\/ erkl\u00e4rt werden.<br>\nDes Weiteren kann die Speicherung von Cookies mittels deren Abschaltung in den Einstellungen des Browsers erreicht werden.<br>\nBitte beachten Sie, dass dann gegebenenfalls nicht alle Funktionen dieses Onlineangebotes genutzt werden k\u00f6nnen.<\/p>\n\n\n\n<p><strong>L\u00f6schung von Daten<\/strong><\/p>\n\n\n\n<p>Die von uns verarbeiteten Daten werden nach Ma\u00dfgabe der Art. 17 und 18 DSGVO gel\u00f6scht oder in ihrer Verarbeitung eingeschr\u00e4nkt.<br>\nSofern nicht im Rahmen dieser Datenschutzerkl\u00e4rung ausdr\u00fccklich \nangegeben, werden die bei uns gespeicherten Daten gel\u00f6scht, sobald sie \nf\u00fcr ihre Zweckbestimmung nicht mehr erforderlich sind und der L\u00f6schung \nkeine gesetzlichen Aufbewahrungspflichten entgegenstehen.<br>\nSofern die Daten nicht gel\u00f6scht werden, weil sie f\u00fcr andere und \ngesetzlich zul\u00e4ssige Zwecke erforderlich sind, wird deren Verarbeitung \neingeschr\u00e4nkt. D.h. die Daten werden gesperrt und nicht f\u00fcr andere \nZwecke verarbeitet. Das gilt z.B. f\u00fcr Daten, die aus handels- oder \nsteuerrechtlichen Gr\u00fcnden aufbewahrt werden m\u00fcssen.<\/p>\n\n\n\n<p>Nach gesetzlichen Vorgaben in Deutschland erfolgt die Aufbewahrung \ninsbesondere f\u00fcr 6 Jahre gem\u00e4\u00df \u00a7 257 Abs. 1 HGB (Handelsb\u00fccher, \nInventare, Er\u00f6ffnungsbilanzen, Jahresabschl\u00fcsse, Handelsbriefe, \nBuchungsbelege, etc.)<br>\nsowie f\u00fcr 10 Jahre gem\u00e4\u00df \u00a7 147 Abs. 1 AO (B\u00fccher, Aufzeichnungen, \nLageberichte, Buchungsbelege, Handels- und Gesch\u00e4ftsbriefe, F\u00fcr \nBesteuerung relevante Unterlagen, etc.).<\/p>\n\n\n\n<p>Nach gesetzlichen Vorgaben in \u00d6sterreich erfolgt die Aufbewahrung \ninsbesondere f\u00fcr 7 J gem\u00e4\u00df \u00a7 132 Abs. 1 BAO (Buchhaltungsunterlagen, \nBelege\/Rechnungen, Konten, Belege, Gesch\u00e4ftspapiere, Aufstellung der \nEinnahmen und Ausgaben, etc.), f\u00fcr 22 Jahre im Zusammenhang mit \nGrundst\u00fccken und f\u00fcr 10 Jaahre bei Unterlagen im Zusammenhang mit \nelektronisch erbrachten Leistungen, Telekommunikations-, Rundfunk- und \nFernsehleistungen, die an Nichtunternehmer in EU-Mitgliedstaaten \nerbracht werden und f\u00fcr die der Mini-One-Stop-Shop (MOSS) in Anspruch \ngenommen wird.<\/p>\n\n\n\n<p><strong>Hosting<\/strong><\/p>\n\n\n\n<p>Die von uns in Anspruch genommenen Hosting-Leistungen dienen der \nZurverf\u00fcgungstellung der folgenden Leistungen: Infrastruktur- und \nPlattformdienstleistungen, Rechenkapazit\u00e4t, Speicherplatz und \nDatenbankdienste, Sicherheitsleistungen sowie technische \nWartungsleistungen, die wir zum Zwecke des Betriebs dieses \nOnlineangebotes einsetzen.<\/p>\n\n\n\n<p>Hierbei verarbeiten wir, bzw. unser Hostinganbieter Bestandsdaten, \nKontaktdaten, Inhaltsdaten, Vertragsdaten, Nutzungsdaten, Meta- und \nKommunikationsdaten von Kunden, Interessenten und Besuchern dieses \nOnlineangebotes auf Grundlage unserer berechtigten Interessen an einer \neffizienten und sicheren Zurverf\u00fcgungstellung dieses Onlineangebotes \ngem.<br>\nArt. 6 Abs. 1 lit. f DSGVO i.V.m. Art. 28 DSGVO (Abschluss Auftragsverarbeitungsvertrag).<\/p>\n\n\n\n<p><strong>Erhebung von Zugriffsdaten und Logfiles<\/strong><\/p>\n\n\n\n<p>Wir, bzw. unser Hostinganbieter, erhebt auf Grundlage unserer \nberechtigten Interessen im Sinne des Art. 6 Abs. 1 lit. f. DSGVO Daten \n\u00fcber jeden Zugriff auf den Server, auf dem sich dieser Dienst befindet \n(sogenannte Serverlogfiles). Zu den Zugriffsdaten geh\u00f6ren Name der \nabgerufenen Webseite, Datei, Datum und Uhrzeit des Abrufs, \u00fcbertragene \nDatenmenge, Meldung \u00fcber erfolgreichen Abruf, Browsertyp nebst Version, \ndas Betriebssystem des Nutzers, Referrer URL (die zuvor besuchte Seite),\n IP-Adresse und der anfragende Provider.<\/p>\n\n\n\n<p>Logfile-Informationen werden aus Sicherheitsgr\u00fcnden (z.B. zur \nAufkl\u00e4rung von Missbrauchs- oder Betrugshandlungen) f\u00fcr die Dauer von \nmaximal 7 Tagen gespeichert und danach gel\u00f6scht. Daten, deren weitere \nAufbewahrung zu Beweiszwecken erforderlich ist, sind bis zur endg\u00fcltigen\n Kl\u00e4rung des jeweiligen Vorfalls von der L\u00f6schung ausgenommen.<\/p>\n\n\n\n<p><strong>Erbringung vertraglicher Leistungen<\/strong><\/p>\n\n\n\n<p>Wir verarbeiten Bestandsdaten (z.B., Namen und Adressen sowie \nKontaktdaten von Nutzern), Vertragsdaten (z.B., in Anspruch genommene \nLeistungen, Namen von Kontaktpersonen, Zahlungsinformationen) zwecks \nErf\u00fcllung unserer vertraglichen Verpflichtungen und Serviceleistungen \ngem. Art. 6 Abs. 1 lit b. DSGVO gegen\u00fcber unseren Mitgliedern.<\/p>\n\n\n\n<p>Im Rahmen der Inanspruchnahme unserer Onlinedienste, speichern wir \ndie IP-Adresse und den Zeitpunkt der jeweiligen Nutzerhandlung. Die \nSpeicherung erfolgt auf Grundlage unserer berechtigten Interessen, als \nauch der Nutzer an Schutz vor Missbrauch und sonstiger unbefugter \nNutzung. Eine Weitergabe dieser Daten an Dritte erfolgt grunds\u00e4tzlich \nnicht, au\u00dfer sie ist zur Verfolgung unserer Anspr\u00fcche erforderlich oder \nes besteht hierzu eine gesetzliche Verpflichtung gem. Art. 6 Abs. 1 lit.\n c DSGVO.<\/p>\n\n\n\n<p>Die L\u00f6schung der Daten erfolgt nach Ablauf gesetzlicher \nGew\u00e4hrleistungs- und vergleichbarer Pflichten, die Erforderlichkeit der \nAufbewahrung der Daten wird alle drei Jahre \u00fcberpr\u00fcft; im Fall der \ngesetzlichen Archivierungspflichten erfolgt die L\u00f6schung nach deren \nAblauf. Angaben im etwaigen Kundenkonto verbleiben bis zu dessen \nL\u00f6schung.<\/p>\n\n\n\n<p><strong>Kontaktaufnahme<\/strong><\/p>\n\n\n\n<p>Bei der Kontaktaufnahme mit uns (z.B. per Kontaktformular, E-Mail, \nTelefon oder via sozialer Medien) werden die Angaben des Nutzers zur \nBearbeitung der Kontaktanfrage und deren Abwicklung gem. Art. 6 Abs. 1 \nlit. b) DSGVO verarbeitet. Die Angaben der Nutzer k\u00f6nnen in einem \nCustomer-Relationship-Management System (\u201eCRM System\u201c) oder \nvergleichbarer Anfragenorganisation gespeichert werden.<\/p>\n\n\n\n<p>Wir l\u00f6schen die Anfragen, sofern diese nicht mehr erforderlich sind.<br>\nWir \u00fcberpr\u00fcfen die Erforderlichkeit alle zwei Jahre; Ferner gelten die gesetzlichen Archivierungspflichten.<\/p>\n\n\n\n<p><strong>Kommentare und Beitr\u00e4ge<\/strong><\/p>\n\n\n\n<p>Wenn Nutzer Kommentare oder sonstige Beitr\u00e4ge hinterlassen, werden \nihre IP-Adressen auf Grundlage unserer berechtigten Interessen im Sinne \ndes Art. 6 Abs. 1 lit. f. DSGVO f\u00fcr 7 Tage gespeichert. Das erfolgt zu \nunserer Sicherheit, falls jemand in Kommentaren und Beitr\u00e4gen \nwiderrechtliche Inhalte hinterl\u00e4sst (Beleidigungen, verbotene politische\n Propaganda, etc.). In diesem Fall k\u00f6nnen wir selbst f\u00fcr den Kommentar \noder Beitrag belangt werden und sind daher an der Identit\u00e4t des \nVerfassers interessiert.<\/p>\n\n\n\n<p><strong>Onlinepr\u00e4senzen in sozialen Medien<\/strong><\/p>\n\n\n\n<p>Wir unterhalten Onlinepr\u00e4senzen innerhalb sozialer Netzwerke und \nPlattformen, um mit den dort aktiven Kunden, Interessenten und Nutzern \nkommunizieren und sie dort \u00fcber unsere Leistungen informieren zu k\u00f6nnen.\n Beim Aufruf der jeweiligen Netzwerke und Plattformen gelten die \nGesch\u00e4ftsbedingungen und die Datenverarbeitungsrichtlinien deren \njeweiligen Betreiber.<\/p>\n\n\n\n<p>Soweit nicht anders im Rahmen unserer Datenschutzerkl\u00e4rung angegeben,\n verarbeiten wird die Daten der Nutzer sofern diese mit uns innerhalb \nder sozialen Netzwerke und Plattformen kommunizieren, z.B. Beitr\u00e4ge auf \nunseren Onlinepr\u00e4senzen verfassen oder uns Nachrichten zusenden.<\/p>\n\n\n\n<p><strong>Einbindung von Diensten und Inhalten Dritter<\/strong><\/p>\n\n\n\n<p>Wir setzen innerhalb unseres Onlineangebotes auf Grundlage unserer \nberechtigten Interessen (d.h. Interesse an der Analyse, Optimierung und \nwirtschaftlichem Betrieb unseres Onlineangebotes im Sinne des Art. 6 \nAbs. 1 lit. f. DSGVO) Inhalts- oder Serviceangebote von Drittanbietern \nein, um deren Inhalte und Services, wie z.B. Videos oder Schriftarten \neinzubinden (nachfolgend einheitlich bezeichnet als \u201cInhalte\u201d).<\/p>\n\n\n\n<p>Dies setzt immer voraus, dass die Drittanbieter dieser Inhalte, die \nIP-Adresse der Nutzer wahrnehmen, da sie ohne die IP-Adresse die Inhalte\n nicht an deren Browser senden k\u00f6nnten. Die IP-Adresse ist damit f\u00fcr die\n Darstellung dieser Inhalte erforderlich. Wir bem\u00fchen uns nur solche \nInhalte zu verwenden, deren jeweilige Anbieter die IP-Adresse lediglich \nzur Auslieferung der Inhalte verwenden.<br>\nDrittanbieter k\u00f6nnen ferner so genannte Pixel-Tags (unsichtbare \nGrafiken, auch als \u201eWeb Beacons\u201c bezeichnet) f\u00fcr statistische oder \nMarketingzwecke verwenden. Durch die \u201ePixel-Tags\u201c k\u00f6nnen Informationen, \nwie der Besucherverkehr auf den Seiten dieser Website ausgewertet \nwerden.<br>\nDie pseudonymen Informationen k\u00f6nnen ferner in Cookies auf dem Ger\u00e4t der\n Nutzer gespeichert werden und unter anderem technische Informationen \nzum Browser und Betriebssystem, verweisende Webseiten, Besuchszeit sowie\n weitere Angaben zur Nutzung unseres Onlineangebotes enthalten, als auch\n mit solchen Informationen aus anderen Quellen verbunden werden k\u00f6nnen.<\/p>\n\n\n\n<p><strong>Google Maps<\/strong><\/p>\n\n\n\n<p>Wir binden die Landkarten des Dienstes \u201cGoogle Maps\u201d des Anbieters \nGoogle LLC, 1600 Amphitheatre Parkway, Mountain View, CA 94043, USA, \nein. Datenschutzerkl\u00e4rung: https:\/\/www.google.com\/policies\/privacy\/, \nOpt-Out: https:\/\/adssettings.google.com\/authenticated.<\/p>\n\n\n\n<p><strong>Verwendung von Facebook Social Plugins<\/strong><\/p>\n\n\n\n<p>Wir nutzen auf Grundlage unserer berechtigten Interessen (d.h. \nInteresse an der Analyse, Optimierung und wirtschaftlichem Betrieb \nunseres Onlineangebotes im Sinne des Art. 6 Abs. 1 lit. f. DSGVO) Social\n Plugins (\u201ePlugins\u201c) des sozialen Netzwerkes facebook.com, welches von \nder Facebook Ireland Ltd., 4 Grand Canal Square, Grand Canal Harbour, \nDublin 2, Irland betrieben wird (\u201eFacebook\u201c). Die Plugins k\u00f6nnen \nInteraktionselemente oder Inhalte (z.B. Videos, Grafiken oder \nTextbeitr\u00e4ge) darstellen und sind an einem der Facebook Logos erkennbar \n(wei\u00dfes \u201ef\u201c auf blauer Kachel, den Begriffen \u201eLike\u201c, \u201eGef\u00e4llt mir\u201c oder \neinem \u201eDaumen hoch\u201c-Zeichen) oder sind mit dem Zusatz \u201eFacebook Social \nPlugin\u201c gekennzeichnet. Die Liste und das Aussehen der Facebook Social \nPlugins kann hier eingesehen werden: \nhttps:\/\/developers.facebook.com\/docs\/plugins\/.<\/p>\n\n\n\n<p>Facebook ist unter dem Privacy-Shield-Abkommen zertifiziert und \nbietet hierdurch eine Garantie, das europ\u00e4ische Datenschutzrecht \neinzuhalten \n(https:\/\/www.privacyshield.gov\/participant?id=a2zt0000000GnywAAC&amp;status=Active).<\/p>\n\n\n\n<p>Wenn ein Nutzer eine Funktion dieses Onlineangebotes aufruft, die ein\n solches Plugin enth\u00e4lt, baut sein Ger\u00e4t eine direkte Verbindung mit den\n Servern von Facebook auf. Der Inhalt des Plugins wird von Facebook \ndirekt an das Ger\u00e4t des Nutzers \u00fcbermittelt und von diesem in das \nOnlineangebot eingebunden. Dabei k\u00f6nnen aus den verarbeiteten Daten \nNutzungsprofile der Nutzer erstellt werden. Wir haben daher keinen \nEinfluss auf den Umfang der Daten, die Facebook mit Hilfe dieses Plugins\n erhebt und informiert die Nutzer daher entsprechend unserem \nKenntnisstand.<\/p>\n\n\n\n<p>Durch die Einbindung der Plugins erh\u00e4lt Facebook die Information, \ndass ein Nutzer die entsprechende Seite des Onlineangebotes aufgerufen \nhat. Ist der Nutzer bei Facebook eingeloggt, kann Facebook den Besuch \nseinem Facebook-Konto zuordnen. Wenn Nutzer mit den Plugins \ninteragieren, zum Beispiel den Like Button bet\u00e4tigen oder einen \nKommentar abgeben, wird die entsprechende Information von Ihrem Ger\u00e4t \ndirekt an Facebook \u00fcbermittelt und dort gespeichert. Falls ein Nutzer \nkein Mitglied von Facebook ist, besteht trotzdem die M\u00f6glichkeit, dass \nFacebook seine IP-Adresse in Erfahrung bringt und speichert. Laut \nFacebook wird in Deutschland nur eine anonymisierte IP-Adresse \ngespeichert.<\/p>\n\n\n\n<p>Zweck und Umfang der Datenerhebung und die weitere Verarbeitung und \nNutzung der Daten durch Facebook sowie die diesbez\u00fcglichen Rechte und \nEinstellungsm\u00f6glichkeiten zum Schutz der Privatsph\u00e4re der Nutzer,<br>\nk\u00f6nnen diese den Datenschutzhinweisen von Facebook entnehmen: https:\/\/www.facebook.com\/about\/privacy\/.<\/p>\n\n\n\n<p>Wenn ein Nutzer Facebookmitglied ist und nicht m\u00f6chte, dass Facebook \n\u00fcber dieses Onlineangebot Daten \u00fcber ihn sammelt und mit seinen bei \nFacebook gespeicherten Mitgliedsdaten verkn\u00fcpft, muss er sich vor der \nNutzung unseres Onlineangebotes bei Facebook ausloggen und seine Cookies\n l\u00f6schen. Weitere Einstellungen und Widerspr\u00fcche zur Nutzung von Daten \nf\u00fcr Werbezwecke, sind innerhalb der Facebook-Profileinstellungen \nm\u00f6glich: https:\/\/www.facebook.com\/settings?tab=ads oder \u00fcber die \nUS-amerikanische Seite http:\/\/www.aboutads.info\/choices\/ oder die \nEU-Seite http:\/\/www.youronlinechoices.com\/. Die Einstellungen erfolgen \nplattformunabh\u00e4ngig, d.h. sie werden f\u00fcr alle Ger\u00e4te, wie \nDesktopcomputer oder mobile Ger\u00e4te \u00fcbernommen.<br>\nErstellt mit Datenschutz-Generator.de von RA Dr. Thomas Schwenke<\/p>\n\n\n\n<p><\/p>\n","protected":false},"excerpt":{"rendered":"<p>Datenschutz DSGVO 25.5.2018 Diese Datenschutzerkl\u00e4rung kl\u00e4rt Sie \u00fcber die Art, den Umfang und Zweck der Verarbeitung von personenbezogenen Daten (nachfolgend kurz \u201eDaten\u201c) innerhalb unseres Onlineangebotes und der mit ihm verbundenen Webseiten, Funktionen und Inhalte sowie externen Onlinepr\u00e4senzen, wie z.B. unser Social Media Profile auf. (nachfolgend gemeinsam bezeichnet als \u201eOnlineangebot\u201c). Im [&hellip;]<\/p>\n","protected":false},"author":1,"featured_media":0,"parent":0,"menu_order":0,"comment_status":"closed","ping_status":"closed","template":"","meta":{"footnotes":""},"class_list":["post-63","page","type-page","status-publish","hentry"],"_links":{"self":[{"href":"https:\/\/ramangwana.de\/index.php?rest_route=\/wp\/v2\/pages\/63"}],"collection":[{"href":"https:\/\/ramangwana.de\/index.php?rest_route=\/wp\/v2\/pages"}],"about":[{"href":"https:\/\/ramangwana.de\/index.php?rest_route=\/wp\/v2\/types\/page"}],"author":[{"embeddable":true,"href":"https:\/\/ramangwana.de\/index.php?rest_route=\/wp\/v2\/users\/1"}],"replies":[{"embeddable":true,"href":"https:\/\/ramangwana.de\/index.php?rest_route=%2Fwp%2Fv2%2Fcomments&post=63"}],"version-history":[{"count":3,"href":"https:\/\/ramangwana.de\/index.php?rest_route=\/wp\/v2\/pages\/63\/revisions"}],"predecessor-version":[{"id":81,"href":"https:\/\/ramangwana.de\/index.php?rest_route=\/wp\/v2\/pages\/63\/revisions\/81"}],"wp:attachment":[{"href":"https:\/\/ramangwana.de\/index.php?rest_route=%2Fwp%2Fv2%2Fmedia&parent=63"}],"curies":[{"name":"wp","href":"https:\/\/api.w.org\/{rel}","templated":true}]}}