{"id":55,"date":"2019-04-23T13:05:23","date_gmt":"2019-04-23T13:05:23","guid":{"rendered":"http:\/\/ramangwana.de\/?page_id=55"},"modified":"2021-01-26T10:04:49","modified_gmt":"2021-01-26T10:04:49","slug":"impressum","status":"publish","type":"page","link":"https:\/\/ramangwana.de\/?page_id=55","title":{"rendered":"Impressum"},"content":{"rendered":"<p>[vc_row][vc_column][vc_column_text]<\/p>\n<h1 class=\"wp-block-heading\">Impressum<\/h1>\n\n<p><strong>Philipp Sendker<br \/>Im Pivit 25<br \/>32107 Bad Salzuflen<br \/>Telefon: 0162\/1871293<\/strong><\/p>\n\n<p><strong>E-Mail: kontakt@ramangwana.de<br \/>Internet: www.ramangwana.de<\/strong><\/p>\n\n<p>Inhaltlich Verantwortliche gem\u00e4\u00df \u00a7 10 Absatz 3 MDStV: Philipp Sendker<\/p>\n\n<p>\u00a9 f\u00fcr die Gestaltung der Homepage, der Texte und der Bilder liegt bei Philipp Sendker<\/p>\n<h5>Copyright<\/h5>\n<p>Es ist nicht gestattet, Bild und Textmaterial ohne Genehmigung des Betreibers vom Netz herunterzuladen, zu kopieren oder ausgedruckte Daten zu ver\u00f6ffentlichen. Anfragen k\u00f6nnen gerne per E-Mail (ph.sendker@web.de) gestellt werden. Bei folgenden Fotografen m\u00f6chten wir uns herzlich f\u00fcr die uns zur Verf\u00fcgung gestellten Fotos bedanken:<\/p>\n<ul>\n<li>Maik Hoffmann (Hoffmensch Photography)<\/li>\n<li>Yvonne Streib<\/li>\n<li>Lisa-M. Seibel Fotografie<\/li>\n<li>und all unseren lieben Freunden \ud83d\ude42<\/li>\n<\/ul>\n\n<p>Haftungshinweis: Trotz sorgf\u00e4ltiger inhaltlicher Kontrolle \u00fcbernehmen<br \/>wir keine Haftung f\u00fcr die Inhalte externer Links. F\u00fcr den Inhalt der<br \/>verlinkten Seiten sind ausschlie\u00dflich deren Betreiber verantwortlich.<\/p>\n\n<p>Wir behalten uns das Recht vor, bereitgestellte Informationen und<br \/>Dienstleistungen ohne Vorank\u00fcndigung zu \u00e4ndern, zu erg\u00e4nzen, ganz oder<br \/>teilweise zu entfernen.<\/p>\n\n<p>Bitte nehmen Sie im folgenen Notiz von der Belehrung und Erkl\u00e4rung<br \/>zur Datenschutzverordnung. Sofern Sie uns Nachrichten oder dergleichen<br \/>zukommen lassen, gehen wir von einem Einverst\u00e4ndnis ihrerseits aus.<\/p>\n\n<p>Verantwortlicher: Siehe Oben<br \/>Impressum: siehe Oben!<\/p>\n<p>\u00a0<\/p>\n<p>[\/vc_column_text][\/vc_column][\/vc_row]<\/p>\n","protected":false},"excerpt":{"rendered":"<p>[vc_row][vc_column][vc_column_text] Impressum Philipp SendkerIm Pivit 2532107 Bad SalzuflenTelefon: 0162\/1871293 E-Mail: kontakt@ramangwana.deInternet: www.ramangwana.de Inhaltlich Verantwortliche gem\u00e4\u00df \u00a7 10 Absatz 3 MDStV: Philipp Sendker \u00a9 f\u00fcr die Gestaltung der Homepage, der Texte und der Bilder liegt bei Philipp Sendker Copyright Es ist nicht gestattet, Bild und Textmaterial ohne Genehmigung des Betreibers vom [&hellip;]<\/p>\n","protected":false},"author":1,"featured_media":0,"parent":0,"menu_order":0,"comment_status":"closed","ping_status":"closed","template":"","meta":{"footnotes":""},"class_list":["post-55","page","type-page","status-publish","hentry"],"_links":{"self":[{"href":"https:\/\/ramangwana.de\/index.php?rest_route=\/wp\/v2\/pages\/55"}],"collection":[{"href":"https:\/\/ramangwana.de\/index.php?rest_route=\/wp\/v2\/pages"}],"about":[{"href":"https:\/\/ramangwana.de\/index.php?rest_route=\/wp\/v2\/types\/page"}],"author":[{"embeddable":true,"href":"https:\/\/ramangwana.de\/index.php?rest_route=\/wp\/v2\/users\/1"}],"replies":[{"embeddable":true,"href":"https:\/\/ramangwana.de\/index.php?rest_route=%2Fwp%2Fv2%2Fcomments&post=55"}],"version-history":[{"count":4,"href":"https:\/\/ramangwana.de\/index.php?rest_route=\/wp\/v2\/pages\/55\/revisions"}],"predecessor-version":[{"id":4720,"href":"https:\/\/ramangwana.de\/index.php?rest_route=\/wp\/v2\/pages\/55\/revisions\/4720"}],"wp:attachment":[{"href":"https:\/\/ramangwana.de\/index.php?rest_route=%2Fwp%2Fv2%2Fmedia&parent=55"}],"curies":[{"name":"wp","href":"https:\/\/api.w.org\/{rel}","templated":true}]}}