{"id":5,"date":"2019-04-23T09:45:00","date_gmt":"2019-04-23T09:45:00","guid":{"rendered":"http:\/\/ramangwana.de\/?page_id=5"},"modified":"2020-03-05T16:32:08","modified_gmt":"2020-03-05T16:32:08","slug":"ueber-uns","status":"publish","type":"page","link":"https:\/\/ramangwana.de\/?page_id=5","title":{"rendered":"\u00dcber uns"},"content":{"rendered":"<p>[vc_row][vc_column][vc_custom_heading text=&#8220;Wir \u00fcber uns&#8220; font_container=&#8220;tag:h1|text_align:center&#8220;][vc_empty_space height=&#8220;50px&#8220;][\/vc_column][\/vc_row][vc_row][vc_column width=&#8220;1\/2&#8243;][vc_single_image image=&#8220;4129&#8243; img_size=&#8220;400&#215;400&#8243; alignment=&#8220;center&#8220; style=&#8220;vc_box_shadow_border&#8220;][\/vc_column][vc_column width=&#8220;1\/2&#8243; css=&#8220;.vc_custom_1583425894375{margin-right: 50px !important;margin-left: 20px !important;}&#8220;][vc_column_text css=&#8220;.vc_custom_1583423228441{margin-right: 50px !important;}&#8220;]&nbsp;<\/p>\n<p>&nbsp;<\/p>\n<p>Wir leben mit unseren Hunden in Knetterheide, einem Vorort der Kurstadt Bad Salzuflen, im Kreis Lippe, Nordrhein-Westfalen. Von hier er\u00f6ffnen sich f\u00fcr uns und unsere Hunde zahlreiche Wanderm\u00f6glichkeiten. Wir wollen mit unseren Hunden Abenteuer erleben und die Natur genie\u00dfen, so sind z.B. der Teutoburger Wald, das Leopoldstal oder auch die Emsquellen bei H\u00f6velhof in unser Trackingrepertoire \u00fcbergegangen.<\/p>\n<p>Rhodesian Ridgeback`s sind Jagdhunde und wollen dementsprechend gef\u00f6rdert werden. Neben den sportlichen Aktivit\u00e4ten wie Agility und Obidience, f\u00f6rdern wir unsere Hunde noch jagdlich im Bereich der Nachsuche.[\/vc_column_text][\/vc_column][\/vc_row][vc_row][vc_column][\/vc_column][\/vc_row][vc_row][vc_column][vc_separator color=&#8220;black&#8220;][\/vc_column][\/vc_row][vc_row][vc_column width=&#8220;1\/5&#8243;][vc_single_image image=&#8220;4250&#8243; img_size=&#8220;200&#215;150&#8243; alignment=&#8220;center&#8220;][\/vc_column][vc_column width=&#8220;1\/5&#8243;][\/vc_column][vc_column width=&#8220;1\/5&#8243;][vc_single_image image=&#8220;4142&#8243; img_size=&#8220;200&#215;120&#8243; alignment=&#8220;center&#8220;][\/vc_column][vc_column width=&#8220;1\/5&#8243;][\/vc_column][vc_column width=&#8220;1\/5&#8243;][vc_single_image image=&#8220;4145&#8243; img_size=&#8220;150&#215;150&#8243; alignment=&#8220;center&#8220;][\/vc_column][\/vc_row][vc_row][vc_column][\/vc_column][\/vc_row]<\/p>\n","protected":false},"excerpt":{"rendered":"<p>[vc_row][vc_column][vc_custom_heading text=&#8220;Wir \u00fcber uns&#8220; font_container=&#8220;tag:h1|text_align:center&#8220;][vc_empty_space height=&#8220;50px&#8220;][\/vc_column][\/vc_row][vc_row][vc_column width=&#8220;1\/2&#8243;][vc_single_image image=&#8220;4129&#8243; img_size=&#8220;400&#215;400&#8243; alignment=&#8220;center&#8220; style=&#8220;vc_box_shadow_border&#8220;][\/vc_column][vc_column width=&#8220;1\/2&#8243; css=&#8220;.vc_custom_1583425894375{margin-right: 50px !important;margin-left: 20px !important;}&#8220;][vc_column_text css=&#8220;.vc_custom_1583423228441{margin-right: 50px !important;}&#8220;]&nbsp; &nbsp; Wir leben mit unseren Hunden in Knetterheide, einem Vorort der Kurstadt Bad Salzuflen, im Kreis Lippe, Nordrhein-Westfalen. Von hier er\u00f6ffnen sich f\u00fcr uns und unsere Hunde zahlreiche Wanderm\u00f6glichkeiten. Wir [&hellip;]<\/p>\n","protected":false},"author":1,"featured_media":0,"parent":0,"menu_order":0,"comment_status":"closed","ping_status":"closed","template":"page-templates\/template-pagebuilder-full-width.php","meta":{"footnotes":""},"class_list":["post-5","page","type-page","status-publish","hentry"],"_links":{"self":[{"href":"https:\/\/ramangwana.de\/index.php?rest_route=\/wp\/v2\/pages\/5"}],"collection":[{"href":"https:\/\/ramangwana.de\/index.php?rest_route=\/wp\/v2\/pages"}],"about":[{"href":"https:\/\/ramangwana.de\/index.php?rest_route=\/wp\/v2\/types\/page"}],"author":[{"embeddable":true,"href":"https:\/\/ramangwana.de\/index.php?rest_route=\/wp\/v2\/users\/1"}],"replies":[{"embeddable":true,"href":"https:\/\/ramangwana.de\/index.php?rest_route=%2Fwp%2Fv2%2Fcomments&post=5"}],"version-history":[{"count":13,"href":"https:\/\/ramangwana.de\/index.php?rest_route=\/wp\/v2\/pages\/5\/revisions"}],"predecessor-version":[{"id":4473,"href":"https:\/\/ramangwana.de\/index.php?rest_route=\/wp\/v2\/pages\/5\/revisions\/4473"}],"wp:attachment":[{"href":"https:\/\/ramangwana.de\/index.php?rest_route=%2Fwp%2Fv2%2Fmedia&parent=5"}],"curies":[{"name":"wp","href":"https:\/\/api.w.org\/{rel}","templated":true}]}}