{"id":4520,"date":"2020-05-06T14:34:37","date_gmt":"2020-05-06T14:34:37","guid":{"rendered":"http:\/\/ramangwana.de\/?page_id=4520"},"modified":"2020-12-19T22:28:14","modified_gmt":"2020-12-19T22:28:14","slug":"a-wurf","status":"publish","type":"page","link":"https:\/\/ramangwana.de\/?page_id=4520","title":{"rendered":"A-Wurf"},"content":{"rendered":"<p>[vc_row][vc_column][vc_single_image image=&#8220;4531&#8243; img_size=&#8220;large&#8220; alignment=&#8220;center&#8220;][\/vc_column][\/vc_row][vc_row css=&#8220;.vc_custom_1588792165828{margin-top: 50px !important;}&#8220;][vc_column css=&#8220;.vc_custom_1588791399930{margin-right: 25px !important;margin-left: 25px !important;}&#8220;][vc_column_text]<\/p>\n<div class=\"text_exposed_show\">\n<p style=\"text-align: center;\">\n<div class=\"wpb_text_column wpb_content_element vc_custom_1584553530968\">\n<div class=\"wpb_wrapper\">\n<h2 style=\"text-align: center;\">A-Wurf: Verpaarung<\/h2>\n<p style=\"text-align: center;\">Wir freuen uns sehr die Verpaarung zwischen unserer Makaranga Orisha Africana und dem R\u00fcden Nyangoma African Harvey bekannt geben zu d\u00fcrfen. Wir sind mehr als gl\u00fccklich diese Verpaarung zu realisieren, denn dieser Stammbaum vereint alles, was f\u00fcr uns einen echten rhodesischen L\u00f6wenhund ausmacht: Leistungsf\u00e4higkeit, Arbeitsfreude, Langlebigkeit, Gesundheit und vor allem einen zuverl\u00e4ssigen und souver\u00e4nen Charakter.<\/p>\n<p style=\"text-align: center;\"><strong>\u00dcber Harvey:<\/strong><\/p>\n<p style=\"text-align: center;\">Harvey wurde am 20.01.2015 neben seinen 8 Geschwistern im Kennel Nyangoma geboren.<\/p>\n<p style=\"text-align: center;\">Harvey ist ein freundlicher, immer gut gelaunter und sehr aufgeschlossener R\u00fcde mit einem hohen Energieniveau und Jagdtrieb. Er konnte uns nicht nur optisch als vorz\u00fcglicher Vertreter seiner Rasse \u00fcberzeugen, sondern auch mit seinem absolut einwandfreien und souver\u00e4nen Charakter. Harvey vereint f\u00fcr uns durch seine Ahnen sehr viele Hunde, die uns in den letzten Jahren sehr gepr\u00e4gt, beeindruckt und vor allem \u00fcberzeugt haben.<\/p>\n<p style=\"text-align: center;\">Wir bedanken uns bei Jolinde und Kevin f\u00fcr Ihr Vertrauen und bei allen Z\u00fcchtern, die durch ihre Zuchtprogramme diese tolle Verpaarung m\u00f6glich gemacht haben.<\/p>\n<p style=\"text-align: center;\">Weitere Informationen zu Nyangoma African Harvey finden Sie auf der Website von Jolinde\u00b4s und Kevin`s Kennel <span><a href=\"http:\/\/kijanisdream.nl\/\">Kijanis Dream<\/a><\/span>.<\/p>\n<h2 style=\"text-align: center;\">Unsere Welpen sind da<\/h2>\n<p style=\"text-align: center;\">Wir freuen uns, bekannt geben zu k\u00f6nnen, dass am 30. April 2020 sieben kleine Ramangwana Welpen geboren sind.<\/p>\n<p style=\"text-align: center;\">Orisha und die Babys haben die letzten zwei Tage genutzt um sich zu erholen.<\/p>\n<p style=\"text-align: center;\">Sie ist eine stolze Mutter und hat ihre neue Rolle toll angenommen und k\u00fcmmert sich liebevoll um die kleinen Babys.<\/p>\n<div class=\"text_exposed_show\">\n<p style=\"text-align: center;\">Die Kleinen trinken, schlafen und wachsen &#8211; sie entwickeln sich toll.<\/p>\n<p style=\"text-align: center;\">Wir freuen uns auf die n\u00e4chsten Wochen und die Entwicklungsschritte der kleinen Mini-Monster.<\/p>\n<p style=\"text-align: center;\">Diese wundervollen Babys best\u00e4tigen uns nochmal wie toll Orisha und Harvey harmonieren &#8211; wir m\u00f6chten uns ein weiteres Mal bei Jolinde und Kevin bedanken: Unsere Hunde haben ein kleines Wunder geschaffen<\/p>\n<\/div>\n<\/div>\n<\/div>\n<\/div>\n<p>[\/vc_column_text][\/vc_column][\/vc_row][vc_row][vc_column width=&#8220;1\/4&#8243;][vc_text_separator title=&#8220;Impressionen Woche 1&#8243;][vc_gallery interval=&#8220;10&#8243; images=&#8220;4536,4537,4538,4539,4540,4541,4542,4543,4546,4549,4550,4551&#8243; img_size=&#8220;medium&#8220; css=&#8220;.vc_custom_1608411316098{margin-right: 25px !important;margin-left: 25px !important;}&#8220;][\/vc_column][vc_column width=&#8220;1\/4&#8243;][vc_text_separator title=&#8220;Impressionen Woche 2&#8243;][vc_gallery interval=&#8220;3&#8243; images=&#8220;4558,4559,4560,4561,4562,4563,4564,4565,4566,4567,4568&#8243; img_size=&#8220;large&#8220; css=&#8220;.vc_custom_1589736138493{margin-right: 25px !important;margin-left: 25px !important;}&#8220;][\/vc_column][vc_column width=&#8220;1\/4&#8243;][vc_text_separator title=&#8220;Impressionen Woche 3&#8243;][vc_gallery interval=&#8220;10&#8243; images=&#8220;4587,4588,4589,4590,4591,4592,4593,4594,4595,4596,4597,4598,4599&#8243; css=&#8220;.vc_custom_1608412238682{margin-right: 25px !important;margin-left: 25px !important;}&#8220;][\/vc_column][vc_column width=&#8220;1\/4&#8243;][vc_text_separator title=&#8220;Impressionen Woche 4&#8243;][vc_gallery interval=&#8220;10&#8243; images=&#8220;4600,4601,4602,4603,4604,4605,4606,4607,4608,4609,4610,4611,4612,4613,4614,4615&#8243; css=&#8220;.vc_custom_1608413832510{margin-right: 25px !important;margin-left: 25px !important;}&#8220;][\/vc_column][\/vc_row][vc_row][vc_column width=&#8220;1\/4&#8243;][vc_text_separator title=&#8220;Fotoshooting Woche 5&#8243;][vc_gallery interval=&#8220;10&#8243; images=&#8220;4616,4617,4618,4619,4620,4621,4622,4623,4624,4625,4626,4627,4628,4629,4630,4631,4632,4633,4634,4635,4636&#8243; css=&#8220;.vc_custom_1608414848425{margin-right: 25px !important;margin-left: 25px !important;}&#8220;][\/vc_column][vc_column width=&#8220;1\/4&#8243;][vc_text_separator title=&#8220;Fotoshooting Woche 8&#8243;][vc_gallery interval=&#8220;10&#8243; images=&#8220;4637,4638,4639,4640,4641,4642,4643,4644,4645,4646,4647,4648,4649,4650,4651,4652,4653,4654,4655,4656,4657,4658,4659,4660&#8243; css=&#8220;.vc_custom_1608415253099{margin-right: 25px !important;margin-left: 25px !important;}&#8220;][\/vc_column][\/vc_row]<\/p>\n","protected":false},"excerpt":{"rendered":"<p>[vc_row][vc_column][vc_single_image image=&#8220;4531&#8243; img_size=&#8220;large&#8220; alignment=&#8220;center&#8220;][\/vc_column][\/vc_row][vc_row css=&#8220;.vc_custom_1588792165828{margin-top: 50px !important;}&#8220;][vc_column css=&#8220;.vc_custom_1588791399930{margin-right: 25px !important;margin-left: 25px !important;}&#8220;][vc_column_text] A-Wurf: Verpaarung Wir freuen uns sehr die Verpaarung zwischen unserer Makaranga Orisha Africana und dem R\u00fcden Nyangoma African Harvey bekannt geben zu d\u00fcrfen. Wir sind mehr als gl\u00fccklich diese Verpaarung zu realisieren, denn dieser Stammbaum vereint alles, was [&hellip;]<\/p>\n","protected":false},"author":1,"featured_media":0,"parent":4517,"menu_order":2,"comment_status":"closed","ping_status":"closed","template":"page-templates\/template-pagebuilder-full-width.php","meta":{"footnotes":""},"class_list":["post-4520","page","type-page","status-publish","hentry"],"_links":{"self":[{"href":"https:\/\/ramangwana.de\/index.php?rest_route=\/wp\/v2\/pages\/4520"}],"collection":[{"href":"https:\/\/ramangwana.de\/index.php?rest_route=\/wp\/v2\/pages"}],"about":[{"href":"https:\/\/ramangwana.de\/index.php?rest_route=\/wp\/v2\/types\/page"}],"author":[{"embeddable":true,"href":"https:\/\/ramangwana.de\/index.php?rest_route=\/wp\/v2\/users\/1"}],"replies":[{"embeddable":true,"href":"https:\/\/ramangwana.de\/index.php?rest_route=%2Fwp%2Fv2%2Fcomments&post=4520"}],"version-history":[{"count":21,"href":"https:\/\/ramangwana.de\/index.php?rest_route=\/wp\/v2\/pages\/4520\/revisions"}],"predecessor-version":[{"id":4667,"href":"https:\/\/ramangwana.de\/index.php?rest_route=\/wp\/v2\/pages\/4520\/revisions\/4667"}],"up":[{"embeddable":true,"href":"https:\/\/ramangwana.de\/index.php?rest_route=\/wp\/v2\/pages\/4517"}],"wp:attachment":[{"href":"https:\/\/ramangwana.de\/index.php?rest_route=%2Fwp%2Fv2%2Fmedia&parent=4520"}],"curies":[{"name":"wp","href":"https:\/\/api.w.org\/{rel}","templated":true}]}}