{"id":4323,"date":"2020-02-16T17:17:37","date_gmt":"2020-02-16T17:17:37","guid":{"rendered":"http:\/\/ramangwana.de\/?page_id=4323"},"modified":"2020-03-05T16:49:45","modified_gmt":"2020-03-05T16:49:45","slug":"zuchtphilosophie-2","status":"publish","type":"page","link":"https:\/\/ramangwana.de\/?page_id=4323","title":{"rendered":"Zuchtphilosophie"},"content":{"rendered":"<p>[vc_row css=&#8220;.vc_custom_1583425990557{margin-right: 50px !important;margin-left: 50px !important;}&#8220;][vc_column][vc_separator color=&#8220;black&#8220;][vc_column_text]<\/p>\n<h2 style=\"text-align: center;\">Unsere Zuchphilosophie<\/h2>\n<p style=\"text-align: center;\">\n<p style=\"text-align: center;\">Wir z\u00fcchten Rhodesian Ridgebacks unter dem VDH\/FCI und sind Mitglied in der Deutschen Z\u00fcchtergemeinschaft Rhodesian Ridgeback e.V.<\/p>\n<p style=\"text-align: center;\">In erster Linie z\u00fcchten wir Rhodesian Ridgebacks f\u00fcr uns selbst und leben MIT unseren Hunden und nicht VON ihnen. Unsere Vierbeiner sind nicht nur vollwertige Familienmitglieder, sie sind auch unsere Gef\u00e4hrten in allen Lebenssituationen und stehen uns als Reitbegleitung oder als Jagd- und Angelpartner immer verl\u00e4sslich zur Seite.<\/p>\n<p style=\"text-align: center;\">Unsere Zuchthunde durchlaufen eine Zuchtzulassungspr\u00fcfung und m\u00fcssen sich sowohl einer gesundheitlichen als auch einer Wesenspr\u00fcfung unterziehen.<\/p>\n<p style=\"text-align: center;\">Die Zuchtpartner unserer H\u00fcndinnen w\u00e4hlen wir mit Bedacht. Neben unseren h\u00f6chsten gesundheitlichen Anspr\u00fcchen legen wir vor allem Wert auf standardtreues Erbgut und langlebige, arbeitsfreudige Linien mit einwandfreiem Charakter.<\/p>\n<p style=\"text-align: center;\">Wir m\u00f6chten mit unseren Welpen keinen Markt bedienen, folgen bei unserem Zuchtprogramm nicht den aktuellen \u201eTrends\u201c, oder w\u00e4hlen unsere Deckr\u00fcden allein nach der Anzahl der Champion Titel aus.<\/p>\n<p style=\"text-align: center;\">Unser Fokus liegt darauf die Ursprungseigenschaften dieser Rasse zu erhalten und dieser eine Zukunft zu geben.<\/p>\n<p style=\"text-align: center;\">Unsere Welpen werden bei uns im Wohnzimmer geboren und erfahren von der Geburt bis zur Abgabe eine Rundumbetreuung. Ab der ca. 4 Woche, sobald die kleinen L\u00f6wenj\u00e4ger agil werden, kommt der gro\u00dfe Umzug in unser gut 30 qm gro\u00dfes Welpen-Haus. Von hier haben sie freien Zugang in den gro\u00dfen Garten und k\u00f6nnen ihre ersten Expeditionen in die gro\u00dfe, weite Welt beginnen.<\/p>\n<p style=\"text-align: center;\">Die Fr\u00fchpr\u00e4gung ist uns sehr wichtig und so gew\u00f6hnen wir die Welpen schon von klein auf an alle m\u00f6glichen Alltagssituationen und Ger\u00e4usche.<\/p>\n<p style=\"text-align: center;\">Wir sind uns den verschiedenen Entwicklungsphasen der Welpen bewusst und versuchen diese gezielt zu nutzen, um die Welpen dahingehend zu f\u00f6rdern und so ein stabiles Fundament f\u00fcr das gesamte Hundeleben zu schaffen.<\/p>\n<p style=\"text-align: center;\">Ab der 4. Woche beginnt die Pr\u00e4ge- oder auch Sozialisierungsphase der Welpen. Hier werden alle Grundlagen des Wesens gepr\u00e4gt und festigen sich in der Verhaltensweise der Hunde. In dieser Zeit legen wir gro\u00dfen Wert auf innerartliche Sozialisierung, die allgemeine Pr\u00e4gung auf den Menschen (insbesondere auf Kinder), die Selbstverst\u00e4ndlichkeit auf die verschiedensten Umwelteinfl\u00fcsse (Tierarzt, Auto fahren, etc.) und der gezielten F\u00f6rderung von Spiel-, Jagd- und Lerntrieb.<\/p>\n<p>[\/vc_column_text][vc_separator color=&#8220;black&#8220;][\/vc_column][\/vc_row]<\/p>\n","protected":false},"excerpt":{"rendered":"<p>[vc_row css=&#8220;.vc_custom_1583425990557{margin-right: 50px !important;margin-left: 50px !important;}&#8220;][vc_column][vc_separator color=&#8220;black&#8220;][vc_column_text] Unsere Zuchphilosophie Wir z\u00fcchten Rhodesian Ridgebacks unter dem VDH\/FCI und sind Mitglied in der Deutschen Z\u00fcchtergemeinschaft Rhodesian Ridgeback e.V. In erster Linie z\u00fcchten wir Rhodesian Ridgebacks f\u00fcr uns selbst und leben MIT unseren Hunden und nicht VON ihnen. Unsere Vierbeiner sind nicht nur [&hellip;]<\/p>\n","protected":false},"author":1,"featured_media":0,"parent":59,"menu_order":1,"comment_status":"closed","ping_status":"closed","template":"page-templates\/template-pagebuilder-full-width.php","meta":{"footnotes":""},"class_list":["post-4323","page","type-page","status-publish","hentry"],"_links":{"self":[{"href":"https:\/\/ramangwana.de\/index.php?rest_route=\/wp\/v2\/pages\/4323"}],"collection":[{"href":"https:\/\/ramangwana.de\/index.php?rest_route=\/wp\/v2\/pages"}],"about":[{"href":"https:\/\/ramangwana.de\/index.php?rest_route=\/wp\/v2\/types\/page"}],"author":[{"embeddable":true,"href":"https:\/\/ramangwana.de\/index.php?rest_route=\/wp\/v2\/users\/1"}],"replies":[{"embeddable":true,"href":"https:\/\/ramangwana.de\/index.php?rest_route=%2Fwp%2Fv2%2Fcomments&post=4323"}],"version-history":[{"count":7,"href":"https:\/\/ramangwana.de\/index.php?rest_route=\/wp\/v2\/pages\/4323\/revisions"}],"predecessor-version":[{"id":4485,"href":"https:\/\/ramangwana.de\/index.php?rest_route=\/wp\/v2\/pages\/4323\/revisions\/4485"}],"up":[{"embeddable":true,"href":"https:\/\/ramangwana.de\/index.php?rest_route=\/wp\/v2\/pages\/59"}],"wp:attachment":[{"href":"https:\/\/ramangwana.de\/index.php?rest_route=%2Fwp%2Fv2%2Fmedia&parent=4323"}],"curies":[{"name":"wp","href":"https:\/\/api.w.org\/{rel}","templated":true}]}}