{"id":4217,"date":"2020-02-11T17:01:31","date_gmt":"2020-02-11T17:01:31","guid":{"rendered":"http:\/\/ramangwana.de\/?page_id=4217"},"modified":"2021-01-25T15:04:28","modified_gmt":"2021-01-25T15:04:28","slug":"chaniya-van-die-perdewachter-pronkrug-2","status":"publish","type":"page","link":"https:\/\/ramangwana.de\/?page_id=4217","title":{"rendered":"Chaniya van die Perdewachter Pronkrug"},"content":{"rendered":"<p>[vc_row css=&#8220;.vc_custom_1583427392083{margin-right: 50px !important;margin-left: 50px !important;}&#8220;][vc_column width=&#8220;1\/2&#8243;][vc_single_image image=&#8220;4228&#8243; img_size=&#8220;1000&#215;1200&#8243; style=&#8220;vc_box_shadow&#8220;][vc_single_image image=&#8220;17&#8243; img_size=&#8220;Large&#8220; style=&#8220;vc_box_shadow&#8220;][\/vc_column][vc_column width=&#8220;1\/2&#8243;][vc_column_text css=&#8220;.vc_custom_1611587061766{margin-right: 50px !important;}&#8220;]<\/p>\n<h2 style=\"text-align: center;\"><\/h2>\n<h2 style=\"text-align: center;\"><strong>Ch. Chaniya van die Perdewachter Pronkrug<\/strong><strong><\/strong><\/h2>\n<ul>\n<li><strong>Geboren:<\/strong> 07.06.2017\n<ul>\n<li>Vater: Ch. Johokwe Obama Onyo<\/li>\n<li>Mutter: Basha van die Perdewachter Pronkrug<\/li>\n<\/ul>\n<\/li>\n<li><strong>Z\u00fcchter:<\/strong> Silke Kunath<\/li>\n<li><strong>Besitzer:<\/strong> Petra &amp; Philipp Sendker<strong><\/strong><\/li>\n<li><strong>Gr\u00f6\u00dfe:<\/strong> 66 cm<\/li>\n<li><strong>HD:<\/strong> A<\/li>\n<li><strong>ED:<\/strong> 0<\/li>\n<li><strong>OCD:<\/strong> frei<\/li>\n<li><strong>Lumbusakraler \u00dcbergangswirbel:<\/strong> frei<\/li>\n<li><strong>B-Lokus:<\/strong> B\/B kein Livernose Gentr\u00e4ger<\/li>\n<li><strong>D-Lokus:<\/strong> D\/D reinerbig gesund<\/li>\n<li><strong>Degenerative Myelopathie (DM):<\/strong> N\/N reinerbig gesund<\/li>\n<li><strong>H\u00e4mophilie-B:<\/strong> N\/N reinerbig gesund<\/li>\n<li><b>Juvenile Myoklonische Epilepsie: (JME)<\/b> N\/N reinerbig gesund<\/li>\n<\/ul>\n<p>[\/vc_column_text][\/vc_column][\/vc_row][vc_row css=&#8220;.vc_custom_1583427494305{margin-right: 50px !important;margin-left: 50px !important;}&#8220;][vc_column width=&#8220;1\/6&#8243;][\/vc_column][vc_column width=&#8220;2\/3&#8243;][vc_empty_space][vc_column_text]<\/p>\n<h2 style=\"text-align: center;\"><strong>\u00dcber Chani<\/strong><\/h2>\n<p style=\"text-align: center;\">Unsere Chani erblickte am 07.06.2017 neben ihren 15 Geschwistern im Kennel \u201evan die Perdewachter Pronkrug\u201c bei Silke und Peter Kunath das Licht der Welt.<\/p>\n<p style=\"text-align: center;\">Chani ist eine gro\u00dfrahmige, hochelegante H\u00fcndin.<\/p>\n<p style=\"text-align: center;\">Zum Wesen k\u00f6nnen wir sagen, dass sie einfach nur lieb ist. Punkt. Zu ALLEM und JEDEM. Es sei denn es geht ums Essen (typisch Frau). Sie sucht sich immer den w\u00e4rmsten Platz am Kamin, an der Heizung oder in der Sonne. Chani ist sehr lauffreudig und mit einer guten Portion Jagdtrieb ausgestattet.<\/p>\n<p style=\"text-align: center;\">Wenn man die kleine Kr\u00f6te so beobachtet, sieht man Ihre Blickwinkel auf das Leben und ihre pure Lebensfreude.<\/p>\n<p style=\"text-align: center;\">Seit circa einem Jahr wird Chaniya erfolgreich im Mantrailing ausgebildet und stellt so, genau wie ihr Bruder Chipo van die Perdewachter Pronkrug, die vorz\u00fcgliche G\u00fcte ihrer Nase unter Beweis.<\/p>\n<p>[\/vc_column_text][\/vc_column][vc_column width=&#8220;1\/6&#8243;][\/vc_column][\/vc_row][vc_row css=&#8220;.vc_custom_1583425386947{margin-right: 50px !important;margin-left: 50px !important;}&#8220;][vc_column width=&#8220;1\/3&#8243;][vc_text_separator title=&#8220;Basha van die Perdewachter Pronkrug&#8220; color=&#8220;black&#8220;][vc_single_image image=&#8220;4357&#8243; img_size=&#8220;300&#215;220&#8243; alignment=&#8220;center&#8220;][\/vc_column][vc_column width=&#8220;1\/3&#8243;][vc_text_separator title=&#8220;Johokwe Obama Onyo&#8220; color=&#8220;black&#8220;][vc_single_image image=&#8220;4358&#8243; img_size=&#8220;300&#215;220&#8243; alignment=&#8220;center&#8220;][\/vc_column][vc_column width=&#8220;1\/3&#8243;][vc_text_separator title=&#8220;Pedigree&#8220; color=&#8220;black&#8220; css=&#8220;.vc_custom_1583425162923{margin-right: 50px !important;}&#8220;][vc_single_image image=&#8220;4456&#8243; img_size=&#8220;300*220&#8243; alignment=&#8220;center&#8220; onclick=&#8220;link_image&#8220;][\/vc_column][\/vc_row][vc_row][vc_column][vc_gallery interval=&#8220;10&#8243; images=&#8220;4233,4234,4228,4230&#8243; img_size=&#8220;600*600&#8243; css=&#8220;.vc_custom_1583425065172{margin-right: 50px !important;margin-left: 50px !important;}&#8220;][\/vc_column][\/vc_row]<\/p>\n","protected":false},"excerpt":{"rendered":"<p>[vc_row css=&#8220;.vc_custom_1583427392083{margin-right: 50px !important;margin-left: 50px !important;}&#8220;][vc_column width=&#8220;1\/2&#8243;][vc_single_image image=&#8220;4228&#8243; img_size=&#8220;1000&#215;1200&#8243; style=&#8220;vc_box_shadow&#8220;][vc_single_image image=&#8220;17&#8243; img_size=&#8220;Large&#8220; style=&#8220;vc_box_shadow&#8220;][\/vc_column][vc_column width=&#8220;1\/2&#8243;][vc_column_text css=&#8220;.vc_custom_1611587061766{margin-right: 50px !important;}&#8220;] Ch. Chaniya van die Perdewachter Pronkrug Geboren: 07.06.2017 Vater: Ch. Johokwe Obama Onyo Mutter: Basha van die Perdewachter Pronkrug Z\u00fcchter: Silke Kunath Besitzer: Petra &amp; Philipp Sendker Gr\u00f6\u00dfe: 66 cm HD: A ED: [&hellip;]<\/p>\n","protected":false},"author":1,"featured_media":0,"parent":7,"menu_order":2,"comment_status":"closed","ping_status":"closed","template":"page-templates\/template-pagebuilder-full-width.php","meta":{"footnotes":""},"class_list":["post-4217","page","type-page","status-publish","hentry"],"_links":{"self":[{"href":"https:\/\/ramangwana.de\/index.php?rest_route=\/wp\/v2\/pages\/4217"}],"collection":[{"href":"https:\/\/ramangwana.de\/index.php?rest_route=\/wp\/v2\/pages"}],"about":[{"href":"https:\/\/ramangwana.de\/index.php?rest_route=\/wp\/v2\/types\/page"}],"author":[{"embeddable":true,"href":"https:\/\/ramangwana.de\/index.php?rest_route=\/wp\/v2\/users\/1"}],"replies":[{"embeddable":true,"href":"https:\/\/ramangwana.de\/index.php?rest_route=%2Fwp%2Fv2%2Fcomments&post=4217"}],"version-history":[{"count":31,"href":"https:\/\/ramangwana.de\/index.php?rest_route=\/wp\/v2\/pages\/4217\/revisions"}],"predecessor-version":[{"id":4714,"href":"https:\/\/ramangwana.de\/index.php?rest_route=\/wp\/v2\/pages\/4217\/revisions\/4714"}],"up":[{"embeddable":true,"href":"https:\/\/ramangwana.de\/index.php?rest_route=\/wp\/v2\/pages\/7"}],"wp:attachment":[{"href":"https:\/\/ramangwana.de\/index.php?rest_route=%2Fwp%2Fv2%2Fmedia&parent=4217"}],"curies":[{"name":"wp","href":"https:\/\/api.w.org\/{rel}","templated":true}]}}