{"id":22,"date":"2019-04-23T10:03:10","date_gmt":"2019-04-23T10:03:10","guid":{"rendered":"http:\/\/ramangwana.de\/?page_id=22"},"modified":"2021-01-25T15:02:51","modified_gmt":"2021-01-25T15:02:51","slug":"makaranga-orisha-africana","status":"publish","type":"page","link":"https:\/\/ramangwana.de\/?page_id=22","title":{"rendered":"Makaranga Orisha Africana"},"content":{"rendered":"<p>[vc_row css=&#8220;.vc_custom_1583425278452{margin-right: 50px !important;margin-left: 50px !important;}&#8220;][vc_column width=&#8220;1\/2&#8243;][vc_single_image image=&#8220;17&#8243; img_size=&#8220;800&#215;1400&#8243; style=&#8220;vc_box_shadow&#8220;][vc_single_image image=&#8220;17&#8243; img_size=&#8220;Large&#8220; style=&#8220;vc_box_shadow&#8220;][\/vc_column][vc_column width=&#8220;1\/2&#8243;][vc_column_text]<\/p>\n<h2 style=\"text-align: center;\">Makaranga Orisha Africana<\/h2>\n<p><strong><\/strong><\/p>\n<ul>\n<li style=\"text-align: left;\"><strong>Geboren:<\/strong> 01.05.2016\n<ul>\n<li>Vater: Gwembeshe Kastor&#8217;s Home<\/li>\n<li>Mutter: Alchemilla Africana of Ekongo Kaross<\/li>\n<\/ul>\n<\/li>\n<li style=\"text-align: left;\"><strong>Z\u00fcchter:<\/strong> Helga J\u00fcrgens<\/li>\n<li style=\"text-align: left;\"><strong>Besitzer:<\/strong> Philipp Sendker<\/li>\n<li><strong>Farbe:<\/strong> Red Wheaten<\/li>\n<li><strong>Gr\u00f6\u00dfe:<\/strong> 63 cm<strong><\/strong><\/li>\n<li style=\"text-align: left;\"><strong>HD:<\/strong> A<\/li>\n<li style=\"text-align: left;\"><strong>ED:<\/strong> 0<\/li>\n<li style=\"text-align: left;\"><strong>OCD:<\/strong> frei<\/li>\n<li><strong>Lumbusakraler \u00dcbergangswirbel:<\/strong> frei<\/li>\n<li style=\"text-align: left;\"><strong>B-Lokus:<\/strong> B\/b Livernose Gentr\u00e4ger<\/li>\n<li><strong>D-Lokus:<\/strong> D\/D reinerbig gesund<\/li>\n<li style=\"text-align: left;\"><strong>Degenerative Myelopathie (DM):<\/strong> N\/N reinerbig gesund<\/li>\n<li style=\"text-align: left;\"><strong>H\u00e4mophilie-B:<\/strong> N\/N reinerbig gesund<\/li>\n<li style=\"text-align: left;\"><b>Juvenile Myoklonische Epilepsie: (JME)<\/b> N\/N reinerbig gesund<\/li>\n<\/ul>\n<p>[\/vc_column_text][\/vc_column][\/vc_row][vc_row css=&#8220;.vc_custom_1583427566372{margin-right: 50px !important;margin-left: 50px !important;}&#8220;][vc_column width=&#8220;1\/6&#8243;][\/vc_column][vc_column width=&#8220;2\/3&#8243;][vc_column_text]<\/p>\n<h2 style=\"text-align: center;\">\u00dcber Orisha<\/h2>\n<p style=\"text-align: center;\">Orisha stammt neben ihren 11 Geschwistern aus dem letzten Wurf von Helga J\u00fcrgens und zog im Alter von 10 Wochen bei uns ein.<\/p>\n<p style=\"text-align: center;\">Sie ist seit Anfang an sehr gelehrig, intelligent und mit einem, f\u00fcr Rhodesien Ridgebacks, extrem hohen \u201ewill-to-please\u201c ausgestattet!<\/p>\n<p style=\"text-align: center;\">Orisha ist sehr loyal der Familie und Freunden gegen\u00fcber und selbst in ungewohnten Situationen absolut souver\u00e4n. \u00a0Seit sie bei uns ist, ist sie mein Schatten, der treue Begleiter an unserer Seite, der nichts in Frage stellt. Sie begleitet mich zu meinen Angeltouren, weckt, entdeckt und entwickelt mit uns zusammen unsere neue Passion f\u00fcr die Jagd. Au\u00dferdem belegt sie immer den meisten Platz auf unserem Sofa und straft uns mit ihren arroganten Blicken, die nur eine echte Ridgeback-Diva auf diese Art und Weise bewerkstelligt, wenn sie mal ein St\u00fcck r\u00fccken muss. Die kleine Frau Makaranga ist sehr kinderlieb und einf\u00fchlsam, meidet es durch Pf\u00fctzen zu laufen und ist mindestens genauso dickk\u00f6pfig wie ihre Chefs.<\/p>\n<p style=\"text-align: center;\">Orisha ist sehr sportlich und m\u00f6chte unbedingt gefordert und gef\u00f6rdert werden. Sie hat eine Menge Spa\u00df an Agility und ist sehr schnell und wendig. Die Ringk\u00e4mpfe mit unserer Chaniya (welche eine Gewichtklasse h\u00f6her k\u00e4mpft) entscheidet sie durch ihre Reaktionsschnelligkeit und ihre Spitzb\u00fcbigkeit in den meisten F\u00e4llen f\u00fcr sich.<\/p>\n<p>[\/vc_column_text][vc_empty_space][\/vc_column][vc_column width=&#8220;1\/6&#8243;][\/vc_column][\/vc_row][vc_row css=&#8220;.vc_custom_1583425306836{margin-right: 50px !important;margin-left: 50px !important;}&#8220;][vc_column width=&#8220;1\/3&#8243;][vc_text_separator title=&#8220;Alchemilla Africana of Ekongo Kaross&#8220; color=&#8220;black&#8220;][vc_single_image image=&#8220;4282&#8243; img_size=&#8220;300&#215;220&#8243; alignment=&#8220;center&#8220; onclick=&#8220;link_image&#8220;][\/vc_column][vc_column width=&#8220;1\/3&#8243;][vc_text_separator title=&#8220;Gwembeshe Kastor`s Home&#8220; color=&#8220;black&#8220;][vc_single_image image=&#8220;4283&#8243; img_size=&#8220;300&#215;220&#8243; alignment=&#8220;center&#8220; onclick=&#8220;link_image&#8220;][\/vc_column][vc_column width=&#8220;1\/3&#8243;][vc_text_separator title=&#8220;Pedigree&#8220; color=&#8220;black&#8220;][vc_single_image image=&#8220;4284&#8243; img_size=&#8220;300&#215;220&#8243; alignment=&#8220;center&#8220; onclick=&#8220;link_image&#8220;][\/vc_column][vc_column][\/vc_column][vc_column][\/vc_column][\/vc_row][vc_row css=&#8220;.vc_custom_1583425324218{margin-right: 50px !important;margin-left: 50px !important;}&#8220;][vc_column][vc_gallery interval=&#8220;10&#8243; images=&#8220;4097,4101,4099,4102,4511&#8243; img_size=&#8220;full&#8220;][\/vc_column][\/vc_row]<\/p>\n","protected":false},"excerpt":{"rendered":"<p>[vc_row css=&#8220;.vc_custom_1583425278452{margin-right: 50px !important;margin-left: 50px !important;}&#8220;][vc_column width=&#8220;1\/2&#8243;][vc_single_image image=&#8220;17&#8243; img_size=&#8220;800&#215;1400&#8243; style=&#8220;vc_box_shadow&#8220;][vc_single_image image=&#8220;17&#8243; img_size=&#8220;Large&#8220; style=&#8220;vc_box_shadow&#8220;][\/vc_column][vc_column width=&#8220;1\/2&#8243;][vc_column_text] Makaranga Orisha Africana Geboren: 01.05.2016 Vater: Gwembeshe Kastor&#8217;s Home Mutter: Alchemilla Africana of Ekongo Kaross Z\u00fcchter: Helga J\u00fcrgens Besitzer: Philipp Sendker Farbe: Red Wheaten Gr\u00f6\u00dfe: 63 cm HD: A ED: 0 OCD: frei Lumbusakraler \u00dcbergangswirbel: frei [&hellip;]<\/p>\n","protected":false},"author":1,"featured_media":0,"parent":7,"menu_order":1,"comment_status":"closed","ping_status":"closed","template":"page-templates\/template-pagebuilder-full-width.php","meta":{"footnotes":""},"class_list":["post-22","page","type-page","status-publish","hentry"],"_links":{"self":[{"href":"https:\/\/ramangwana.de\/index.php?rest_route=\/wp\/v2\/pages\/22"}],"collection":[{"href":"https:\/\/ramangwana.de\/index.php?rest_route=\/wp\/v2\/pages"}],"about":[{"href":"https:\/\/ramangwana.de\/index.php?rest_route=\/wp\/v2\/types\/page"}],"author":[{"embeddable":true,"href":"https:\/\/ramangwana.de\/index.php?rest_route=\/wp\/v2\/users\/1"}],"replies":[{"embeddable":true,"href":"https:\/\/ramangwana.de\/index.php?rest_route=%2Fwp%2Fv2%2Fcomments&post=22"}],"version-history":[{"count":37,"href":"https:\/\/ramangwana.de\/index.php?rest_route=\/wp\/v2\/pages\/22\/revisions"}],"predecessor-version":[{"id":4713,"href":"https:\/\/ramangwana.de\/index.php?rest_route=\/wp\/v2\/pages\/22\/revisions\/4713"}],"up":[{"embeddable":true,"href":"https:\/\/ramangwana.de\/index.php?rest_route=\/wp\/v2\/pages\/7"}],"wp:attachment":[{"href":"https:\/\/ramangwana.de\/index.php?rest_route=%2Fwp%2Fv2%2Fmedia&parent=22"}],"curies":[{"name":"wp","href":"https:\/\/api.w.org\/{rel}","templated":true}]}}